{"id":15591,"date":"2020-06-17T07:23:03","date_gmt":"2020-06-17T07:23:03","guid":{"rendered":"https:\/\/job.avalonplus.group\/?page_id=15591"},"modified":"2024-06-11T12:08:05","modified_gmt":"2024-06-11T12:08:05","slug":"contact-us1","status":"publish","type":"page","link":"https:\/\/job.avalonplus.group\/de\/contact-us1\/","title":{"rendered":"Kontaktieren Sie uns"},"content":{"rendered":"<div  class=\"wpb_row vc_row-fluid full-width-section section  section-no-parallax  stretch\" data-speed=\"1\" style=\"background-color: #212121; \"><div class=\"col span_12 color-dark left\">\n\t<div class=\"vc_col-sm-6 wpb_column column_container col vertical-center padding-6 color-dark\" style=\"\" data-animation=\"\" data-delay=\"\">\n\t\t<div class=\"wpb_wrapper\">\n\t\t\t\n\t<div class=\"wpb_text_column wpb_content_element\" >\n\t\t<div class=\"wpb_wrapper\">\n\t\t\t<h3>Kontaktieren Sie uns<\/h3>\n<p><a href=\"callto: 37258110055\">+372 5811 0055<\/a> <a href=\"mailto:job@avalonplus.group\"><img loading=\"lazy\" decoding=\"async\" src=\"https:\/\/job.avalonplus.group\/wp-content\/uploads\/2021\/04\/Screenshot-2021-04-14-at-17.23.42.png\" alt=\"\" width=\"24\" height=\"24\" \/>\u00a0<img loading=\"lazy\" decoding=\"async\" src=\"https:\/\/job.avalonplus.group\/wp-content\/uploads\/2021\/04\/Screenshot-2021-04-14-at-17.23.01.png\" alt=\"\" width=\"24\" height=\"24\" \/><\/a><\/p>\n<p><a href=\"callto: 380975273807\">+38 097 527 3807<\/a><span class=\"Apple-converted-space\"> <img loading=\"lazy\" decoding=\"async\" class=\"alignnone wp-image-16255\" src=\"https:\/\/job.avalonplus.group\/wp-content\/uploads\/2021\/04\/Screenshot-2021-04-21-at-09.44.05.png\" alt=\"\" width=\"26\" height=\"17\" \/><\/span><\/p>\n<p><a href=\"callto: 375293335783\">+375 29 333 57 83<\/a><span class=\"Apple-converted-space\"> <a href=\"mailto:job@avalonplus.group\">\u00a0<img loading=\"lazy\" decoding=\"async\" class=\"alignnone wp-image-16255\" src=\"https:\/\/job.avalonplus.group\/wp-content\/uploads\/2021\/04\/Screenshot-2021-04-21-at-09.44.05.png\" alt=\"\" width=\"26\" height=\"17\" \/><\/a> <a href=\"mailto:job@avalonplus.group\"><img loading=\"lazy\" decoding=\"async\" src=\"https:\/\/job.avalonplus.group\/wp-content\/uploads\/2021\/04\/Screenshot-2021-04-14-at-17.23.01.png\" alt=\"\" width=\"24\" height=\"24\" \/><\/a><\/span><\/p>\n<p><a href=\"callto: 37065804466\">+370 658 04 466<\/a> <span class=\"Apple-converted-space\"><img loading=\"lazy\" decoding=\"async\" class=\"alignnone wp-image-16255\" src=\"https:\/\/job.avalonplus.group\/wp-content\/uploads\/2021\/04\/Screenshot-2021-04-21-at-09.44.05.png\" alt=\"\" width=\"26\" height=\"17\" \/><\/span><\/p>\n<p><a href=\"callto: 491792072740\">+49 179 207 2740<\/a> <img loading=\"lazy\" decoding=\"async\" class=\"alignnone wp-image-16344\" src=\"https:\/\/job.avalonplus.group\/wp-content\/uploads\/2024\/06\/Flag_of_Ukraine.svg_-300x200.png\" alt=\"\" width=\"26\" height=\"17\" srcset=\"https:\/\/job.avalonplus.group\/wp-content\/uploads\/2024\/06\/Flag_of_Ukraine.svg_-300x200.png 300w, https:\/\/job.avalonplus.group\/wp-content\/uploads\/2024\/06\/Flag_of_Ukraine.svg_-1024x682.png 1024w, https:\/\/job.avalonplus.group\/wp-content\/uploads\/2024\/06\/Flag_of_Ukraine.svg_-768x512.png 768w, https:\/\/job.avalonplus.group\/wp-content\/uploads\/2024\/06\/Flag_of_Ukraine.svg_-18x12.png 18w, https:\/\/job.avalonplus.group\/wp-content\/uploads\/2024\/06\/Flag_of_Ukraine.svg_-600x400.png 600w, https:\/\/job.avalonplus.group\/wp-content\/uploads\/2024\/06\/Flag_of_Ukraine.svg_.png 1280w\" sizes=\"auto, (max-width: 26px) 100vw, 26px\" \/> <img loading=\"lazy\" decoding=\"async\" class=\"alignnone wp-image-16345\" src=\"https:\/\/job.avalonplus.group\/wp-content\/uploads\/2024\/06\/Flag_of_Germany.svg_-300x180.png\" alt=\"\" width=\"28\" height=\"17\" srcset=\"https:\/\/job.avalonplus.group\/wp-content\/uploads\/2024\/06\/Flag_of_Germany.svg_-300x180.png 300w, https:\/\/job.avalonplus.group\/wp-content\/uploads\/2024\/06\/Flag_of_Germany.svg_-1024x614.png 1024w, https:\/\/job.avalonplus.group\/wp-content\/uploads\/2024\/06\/Flag_of_Germany.svg_-768x461.png 768w, https:\/\/job.avalonplus.group\/wp-content\/uploads\/2024\/06\/Flag_of_Germany.svg_-18x12.png 18w, https:\/\/job.avalonplus.group\/wp-content\/uploads\/2024\/06\/Flag_of_Germany.svg_-1000x563.png 1000w, https:\/\/job.avalonplus.group\/wp-content\/uploads\/2024\/06\/Flag_of_Germany.svg_.png 1280w\" sizes=\"auto, (max-width: 28px) 100vw, 28px\" \/><\/p>\n<p><a href=\"mailto:job@avalonplus.group\">job@avalonplus.group<\/a><\/p>\n\n\t\t<\/div>\n\t<\/div>\n\n\t<div class=\"wpb_text_column wpb_content_element\" >\n\t\t<div class=\"wpb_wrapper\">\n\t\t\t<h3>SENDEN SIE IHREN LEBENSLAUF<\/h3>\n\n\t\t<\/div>\n\t<\/div>\n\n\t<div class=\"wpb_text_column wpb_content_element\" >\n\t\t<div class=\"wpb_wrapper\">\n\t\t\t<div class=\"forminator-ui forminator-custom-form forminator-custom-form-15965 forminator-design--flat  forminator_ajax\" data-forminator-render=\"0\" data-form=\"forminator-module-15965\" data-uid=\"69f0a1ff3f17e\"><br\/><\/div><form\n\t\t\t\tid=\"forminator-module-15965\"\n\t\t\t\tclass=\"forminator-ui forminator-custom-form forminator-custom-form-15965 forminator-design--flat  forminator_ajax\"\n\t\t\t\tmethod=\"post\"\n\t\t\t\tdata-forminator-render=\"0\"\n\t\t\t\tdata-form-id=\"15965\"\n\t\t\t\t\n\t\t\t\tdata-design=\"flat\"\n\t\t\t\t\n\t\t\t\t\n\t\t\t\t\n\t\t\t\tdata-grid=\"open\"\n\t\t\t\tenctype=\"multipart\/form-data\"\n\t\t\t\t\n\t\t\t\tstyle=\"display: none;\"\n\t\t\t\t\n\t\t\t\tdata-uid=\"69f0a1ff3f17e\" action=\"\"\n\t\t\t><div role=\"alert\" aria-live=\"polite\" class=\"forminator-response-message forminator-error\" aria-hidden=\"true\"><\/div><div class=\"forminator-row\"><div id=\"name-1\" class=\"forminator-field-name forminator-col forminator-col-12\"><div class=\"forminator-field\"><label for=\"forminator-field-name-1_69f0a1ff3f17e\" class=\"forminator-label\" id=\"forminator-field-name-1_69f0a1ff3f17e-label\">Name <span class=\"forminator-required\">*<\/span><\/label><input type=\"text\" name=\"name-1\" value=\"\" placeholder=\"\" id=\"forminator-field-name-1_69f0a1ff3f17e\" class=\"forminator-input forminator-name--field\" aria-required=\"true\" \/><\/div><\/div><\/div><div class=\"forminator-row\"><div id=\"email-1\" class=\"forminator-field-email forminator-col forminator-col-12\"><div class=\"forminator-field\"><label for=\"forminator-field-email-1_69f0a1ff3f17e\" class=\"forminator-label\" id=\"forminator-field-email-1_69f0a1ff3f17e-label\">E-Mail <span class=\"forminator-required\">*<\/span><\/label><input type=\"email\" name=\"email-1\" value=\"\" placeholder=\"\" id=\"forminator-field-email-1_69f0a1ff3f17e\" class=\"forminator-input forminator-email--field\" data-required=\"true\" aria-required=\"true\" \/><\/div><\/div><\/div><div class=\"forminator-row\"><div id=\"phone-1\" class=\"forminator-field-phone forminator-col forminator-col-12\"><div class=\"forminator-field\"><label for=\"forminator-field-phone-1_69f0a1ff3f17e\" class=\"forminator-label\" id=\"forminator-field-phone-1_69f0a1ff3f17e-label\">Telefon <span class=\"forminator-required\">*<\/span><\/label><input type=\"text\" name=\"phone-1\" value=\"\" placeholder=\"\" id=\"forminator-field-phone-1_69f0a1ff3f17e\" class=\"forminator-input forminator-field--phone\" data-required=\"1\" aria-required=\"true\" autocomplete=\"off\" \/><\/div><\/div><\/div><div class=\"forminator-row\"><div id=\"textarea-1\" class=\"forminator-field-textarea forminator-col forminator-col-12\"><div class=\"forminator-field\"><label for=\"forminator-field-textarea-1_69f0a1ff3f17e\" id=\"forminator-field-textarea-1_69f0a1ff3f17e-label\" class=\"forminator-label\">Nachricht<\/label><textarea name=\"textarea-1\" placeholder=\"\" id=\"forminator-field-textarea-1_69f0a1ff3f17e\" class=\"forminator-textarea\" rows=\"6\" style=\"min-height:140px;\" maxlength=\"380\" ><\/textarea><span id=\"forminator-field-textarea-1_69f0a1ff3f17e-description\" class=\"forminator-description\"><span data-limit=\"380\" data-type=\"characters\">0 \/ 380<\/span><\/span><\/div><\/div><\/div><div class=\"forminator-row\"><div id=\"upload-1\" class=\"forminator-field-upload forminator-col forminator-col-12\"><div class=\"forminator-field\"><label for=\"forminator-field-upload-1_69f0a1ff3f17e\" class=\"forminator-label\">Ihr Lebenslauf<\/label><div class=\"forminator-file-upload\" data-element=\"upload-1_69f0a1ff3f17e\" aria-describedby=\"forminator-field-upload-1_69f0a1ff3f17e-description\"><input type=\"file\" name=\"upload-1\" id=\"forminator-field-upload-1_69f0a1ff3f17e\" class=\"forminator-input-file\" accept=\".jpg,.jpeg,.jpe,.gif,.png,.bmp,.tiff,.tif,.ico,.heic,.asf,.asx,.wmv,.wmx,.wm,.avi,.divx,.flv,.mov,.qt,.mpeg,.mpg,.mpe,.mp4,.m4v,.ogv,.webm,.mkv,.3gp,.3gpp,.3g2,.3gp2,.txt,.asc,.c,.cc,.h,.srt,.csv,.tsv,.ics,.rtx,.css,.htm,.html,.vtt,.dfxp,.mp3,.m4a,.m4b,.aac,.ra,.ram,.wav,.ogg,.oga,.flac,.mid,.midi,.wma,.wax,.mka,.rtf,.js,.pdf,.class,.tar,.zip,.gz,.gzip,.rar,.7z,.psd,.xcf,.doc,.pot,.pps,.ppt,.wri,.xla,.xls,.xlt,.xlw,.mdb,.mpp,.docx,.docm,.dotx,.dotm,.xlsx,.xlsm,.xlsb,.xltx,.xltm,.xlam,.pptx,.pptm,.ppsx,.ppsm,.potx,.potm,.ppam,.sldx,.sldm,.onetoc,.onetoc2,.onetmp,.onepkg,.oxps,.xps,.odt,.odp,.ods,.odg,.odc,.odb,.odf,.wp,.wpd,.key,.numbers,.pages,.redux\"><button id=\"forminator-field-upload-1_69f0a1ff3f17e_button\" class=\"forminator-button forminator-button-upload\" data-id=\"forminator-field-upload-1_69f0a1ff3f17e\">Datei ausw\u00e4hlen<\/button><span data-empty-text=\"Keine Datei ausgew\u00e4hlt\">Keine Datei ausgew\u00e4hlt<\/span><button class=\"forminator-button-delete\" style=\"display: none;\"><i class=\"forminator-icon-close\" aria-hidden=\"true\"><\/i><span class=\"forminator-screen-reader-only\">Hochgeladene Datei l\u00f6schen<\/span><\/button><\/div><\/div><\/div><\/div><div class=\"forminator-row\"><div id=\"captcha-1\" class=\"forminator-field-captcha forminator-col forminator-col-12\"><div class=\"forminator-g-recaptcha\" data-theme=\"light\"  data-sitekey=\"6LflWG4aAAAAAKz1neOdha4mVXhz1Ff3bG3wxjL8\" data-size=\"normal\"><\/div> <\/div><\/div><input type=\"hidden\" name=\"referer_url\" value=\"\" \/><div class=\"forminator-row forminator-row-last\"><div class=\"forminator-col\"><div class=\"forminator-field\"><button class=\"forminator-button forminator-button-submit\">SENDEN<\/button><\/div><\/div><\/div><input type=\"hidden\" id=\"forminator_nonce\" name=\"forminator_nonce\" value=\"eda2d9d3cf\" \/><input type=\"hidden\" name=\"_wp_http_referer\" value=\"\/de\/wp-json\/wp\/v2\/pages\/15591\" \/><input type=\"hidden\" name=\"form_id\" value=\"15965\"><input type=\"hidden\" name=\"page_id\" value=\"15591\"><input type=\"hidden\" name=\"form_type\" value=\"default\"><input type=\"hidden\" name=\"current_url\" value=\"https:\/\/job.avalonplus.group\/de\/contact-us1\/\"><input type=\"hidden\" name=\"render_id\" value=\"0\"><input type=\"hidden\" name=\"action\" value=\"forminator_submit_form_custom-forms\"><input type=\"hidden\" name=\"trp-form-language\" value=\"de\"\/><\/form>\n\n\t\t<\/div>\n\t<\/div>\n\n\t\t<\/div> \n\t<\/div> \n\n\t<div class=\"vc_col-sm-6 wpb_column column_container col padding-6 color-dark\" style=\"background-image: url(https:\/\/job.avalonplus.group\/wp-content\/uploads\/2021\/04\/side-view-cropped-unrecognizable-business-people-working-common-desk-scaled.jpg); \" data-animation=\"\" data-delay=\"\">\n\t\t<div class=\"wpb_wrapper\">\n\t\t\t<div class=\"vc_empty_space\"   style=\"height: 1000px\"><span class=\"vc_empty_space_inner\"><\/span><\/div>\n\t\t<\/div> \n\t<\/div> \n<\/div><\/div><div  class=\"wpb_row vc_row-fluid full-width-section section  section-parallax  stretch bg-stretch  vc_row-o-full-height  vc_row-o-content-middle\" data-speed=\"0\" style=\"background-image: url(https:\/\/job.avalonplus.group\/wp-content\/uploads\/2021\/08\/\u043a\u0430\u0440\u0442\u0430g-copy.png); \"><div class=\"col span_12 color-dark left\">\n\t<div class=\"vc_col-sm-12 wpb_column column_container col no-padding color-dark\" style=\"\" data-animation=\"\" data-delay=\"\">\n\t\t<div class=\"wpb_wrapper\">\n\t\t\t<div class=\"vc_empty_space\"   style=\"height: 600px\"><span class=\"vc_empty_space_inner\"><\/span><\/div>\n\t\t<\/div> \n\t<\/div> \n<\/div><\/div>","protected":false},"excerpt":{"rendered":"\u0421\u0432\u044f\u0436\u0438\u0442\u0435\u0441\u044c \u0441 \u043d\u0430\u043c\u0438 +372 5811 0055 \u00a0 +38 097 527 3807 +375 29 333 57 83 \u00a0 +370 658 04 466 +49 179 207 2740 job@avalonplus.group \u041e\u0442\u043f\u0440\u0430\u0432\u044c\u0442\u0435 \u0412\u0430\u0448\u0435 \u0420\u0435\u0437\u044e\u043c\u0435 \u0418\u043c\u044f *\u042d\u043b. \u0430\u0434\u0440\u0435\u0441 *\u041d\u043e\u043c\u0435\u0440 \u0442\u0435\u043b\u0435\u0444\u043e\u043d\u0430 *\u0421\u043e\u043e\u0431\u0449\u0435\u043d\u0438\u04350 \/ 380\u0412\u0430\u0448\u0435 \u0440\u0435\u0437\u044e\u043c\u0435Datei ausw\u00e4hlenKeine Datei ausgew\u00e4hltHochgeladene Datei l\u00f6schen \u041e\u0442\u043f\u0440\u0430\u0432\u0438\u0442\u044c","protected":false},"author":1,"featured_media":16283,"parent":0,"menu_order":0,"comment_status":"open","ping_status":"closed","template":"","meta":{"footnotes":""},"class_list":["post-15591","page","type-page","status-publish","has-post-thumbnail","hentry"],"yoast_head":"<!-- This site is optimized with the Yoast SEO plugin v21.5 - https:\/\/yoast.com\/wordpress\/plugins\/seo\/ -->\n<title>\u041a\u043e\u043d\u0442\u0430\u043a\u0442 - AvalonPlus Group<\/title>\n<meta name=\"robots\" content=\"index, follow, max-snippet:-1, max-image-preview:large, max-video-preview:-1\" \/>\n<link rel=\"canonical\" href=\"https:\/\/job.avalonplus.group\/de\/contact-us1\/\" \/>\n<meta property=\"og:locale\" content=\"de_DE\" \/>\n<meta property=\"og:type\" content=\"article\" \/>\n<meta property=\"og:title\" content=\"\u041a\u043e\u043d\u0442\u0430\u043a\u0442 - AvalonPlus Group\" \/>\n<meta property=\"og:url\" content=\"https:\/\/job.avalonplus.group\/de\/contact-us1\/\" \/>\n<meta property=\"og:site_name\" content=\"AvalonPlus Group\" \/>\n<meta property=\"article:modified_time\" content=\"2024-06-11T12:08:05+00:00\" \/>\n<meta property=\"og:image\" content=\"https:\/\/job.avalonplus.group\/wp-content\/uploads\/2021\/04\/side-view-cropped-unrecognizable-business-people-working-common-desk-scaled.jpg\" \/>\n\t<meta property=\"og:image:width\" content=\"2560\" \/>\n\t<meta property=\"og:image:height\" content=\"1709\" \/>\n\t<meta property=\"og:image:type\" content=\"image\/jpeg\" \/>\n<meta name=\"twitter:card\" content=\"summary_large_image\" \/>\n<meta name=\"twitter:label1\" content=\"Gesch\u00e4tzte Lesezeit\" \/>\n\t<meta name=\"twitter:data1\" content=\"2 Minuten\" \/>\n<script type=\"application\/ld+json\" class=\"yoast-schema-graph\">{\"@context\":\"https:\/\/schema.org\",\"@graph\":[{\"@type\":\"WebPage\",\"@id\":\"https:\/\/job.avalonplus.group\/contact-us1\/\",\"url\":\"https:\/\/job.avalonplus.group\/contact-us1\/\",\"name\":\"\u041a\u043e\u043d\u0442\u0430\u043a\u0442 - AvalonPlus Group\",\"isPartOf\":{\"@id\":\"https:\/\/job.avalonplus.group\/#website\"},\"datePublished\":\"2020-06-17T07:23:03+00:00\",\"dateModified\":\"2024-06-11T12:08:05+00:00\",\"breadcrumb\":{\"@id\":\"https:\/\/job.avalonplus.group\/contact-us1\/#breadcrumb\"},\"inLanguage\":\"de-DE\",\"potentialAction\":[{\"@type\":\"ReadAction\",\"target\":[\"https:\/\/job.avalonplus.group\/contact-us1\/\"]}]},{\"@type\":\"BreadcrumbList\",\"@id\":\"https:\/\/job.avalonplus.group\/contact-us1\/#breadcrumb\",\"itemListElement\":[{\"@type\":\"ListItem\",\"position\":1,\"name\":\"\u0413\u043b\u0430\u0432\u043d\u0430\u044f \u0441\u0442\u0440\u0430\u043d\u0438\u0446\u0430\",\"item\":\"https:\/\/job.avalonplus.group\/\"},{\"@type\":\"ListItem\",\"position\":2,\"name\":\"\u041a\u043e\u043d\u0442\u0430\u043a\u0442\"}]},{\"@type\":\"WebSite\",\"@id\":\"https:\/\/job.avalonplus.group\/#website\",\"url\":\"https:\/\/job.avalonplus.group\/\",\"name\":\"AvalonPlus Group\",\"description\":\"Find workers abroad\",\"publisher\":{\"@id\":\"https:\/\/job.avalonplus.group\/#organization\"},\"potentialAction\":[{\"@type\":\"SearchAction\",\"target\":{\"@type\":\"EntryPoint\",\"urlTemplate\":\"https:\/\/job.avalonplus.group\/?s={search_term_string}\"},\"query-input\":\"required name=search_term_string\"}],\"inLanguage\":\"de-DE\"},{\"@type\":\"Organization\",\"@id\":\"https:\/\/job.avalonplus.group\/#organization\",\"name\":\"EH Rent Stuff\",\"url\":\"https:\/\/job.avalonplus.group\/\",\"logo\":{\"@type\":\"ImageObject\",\"inLanguage\":\"de-DE\",\"@id\":\"https:\/\/job.avalonplus.group\/#\/schema\/logo\/image\/\",\"url\":\"https:\/\/job.avalonplus.group\/wp-content\/uploads\/2020\/06\/\u0421\u043d\u0438\u043c\u043e\u043a-\u044d\u0430\u0443\u043a\u0440\u0430\u043d\u0430-2020-06-16-\u0432-14.12.31-3.png\",\"contentUrl\":\"https:\/\/job.avalonplus.group\/wp-content\/uploads\/2020\/06\/\u0421\u043d\u0438\u043c\u043e\u043a-\u044d\u0430\u0443\u043a\u0440\u0430\u043d\u0430-2020-06-16-\u0432-14.12.31-3.png\",\"width\":314,\"height\":50,\"caption\":\"EH Rent Stuff\"},\"image\":{\"@id\":\"https:\/\/job.avalonplus.group\/#\/schema\/logo\/image\/\"}}]}<\/script>\n<!-- \/ Yoast SEO plugin. -->","yoast_head_json":{"title":"\u041a\u043e\u043d\u0442\u0430\u043a\u0442 - AvalonPlus Group","robots":{"index":"index","follow":"follow","max-snippet":"max-snippet:-1","max-image-preview":"max-image-preview:large","max-video-preview":"max-video-preview:-1"},"canonical":"https:\/\/job.avalonplus.group\/de\/contact-us1\/","og_locale":"de_DE","og_type":"article","og_title":"\u041a\u043e\u043d\u0442\u0430\u043a\u0442 - AvalonPlus Group","og_url":"https:\/\/job.avalonplus.group\/de\/contact-us1\/","og_site_name":"AvalonPlus Group","article_modified_time":"2024-06-11T12:08:05+00:00","og_image":[{"width":2560,"height":1709,"url":"https:\/\/job.avalonplus.group\/wp-content\/uploads\/2021\/04\/side-view-cropped-unrecognizable-business-people-working-common-desk-scaled.jpg","type":"image\/jpeg"}],"twitter_card":"summary_large_image","twitter_misc":{"Gesch\u00e4tzte Lesezeit":"2 Minuten"},"schema":{"@context":"https:\/\/schema.org","@graph":[{"@type":"WebPage","@id":"https:\/\/job.avalonplus.group\/contact-us1\/","url":"https:\/\/job.avalonplus.group\/contact-us1\/","name":"\u041a\u043e\u043d\u0442\u0430\u043a\u0442 - AvalonPlus Group","isPartOf":{"@id":"https:\/\/job.avalonplus.group\/#website"},"datePublished":"2020-06-17T07:23:03+00:00","dateModified":"2024-06-11T12:08:05+00:00","breadcrumb":{"@id":"https:\/\/job.avalonplus.group\/contact-us1\/#breadcrumb"},"inLanguage":"de-DE","potentialAction":[{"@type":"ReadAction","target":["https:\/\/job.avalonplus.group\/contact-us1\/"]}]},{"@type":"BreadcrumbList","@id":"https:\/\/job.avalonplus.group\/contact-us1\/#breadcrumb","itemListElement":[{"@type":"ListItem","position":1,"name":"\u0413\u043b\u0430\u0432\u043d\u0430\u044f \u0441\u0442\u0440\u0430\u043d\u0438\u0446\u0430","item":"https:\/\/job.avalonplus.group\/"},{"@type":"ListItem","position":2,"name":"\u041a\u043e\u043d\u0442\u0430\u043a\u0442"}]},{"@type":"WebSite","@id":"https:\/\/job.avalonplus.group\/#website","url":"https:\/\/job.avalonplus.group\/","name":"AvalonPlus Group","description":"Find workers abroad","publisher":{"@id":"https:\/\/job.avalonplus.group\/#organization"},"potentialAction":[{"@type":"SearchAction","target":{"@type":"EntryPoint","urlTemplate":"https:\/\/job.avalonplus.group\/?s={search_term_string}"},"query-input":"required name=search_term_string"}],"inLanguage":"de-DE"},{"@type":"Organization","@id":"https:\/\/job.avalonplus.group\/#organization","name":"EH Rent Stuff","url":"https:\/\/job.avalonplus.group\/","logo":{"@type":"ImageObject","inLanguage":"de-DE","@id":"https:\/\/job.avalonplus.group\/#\/schema\/logo\/image\/","url":"https:\/\/job.avalonplus.group\/wp-content\/uploads\/2020\/06\/\u0421\u043d\u0438\u043c\u043e\u043a-\u044d\u0430\u0443\u043a\u0440\u0430\u043d\u0430-2020-06-16-\u0432-14.12.31-3.png","contentUrl":"https:\/\/job.avalonplus.group\/wp-content\/uploads\/2020\/06\/\u0421\u043d\u0438\u043c\u043e\u043a-\u044d\u0430\u0443\u043a\u0440\u0430\u043d\u0430-2020-06-16-\u0432-14.12.31-3.png","width":314,"height":50,"caption":"EH Rent Stuff"},"image":{"@id":"https:\/\/job.avalonplus.group\/#\/schema\/logo\/image\/"}}]}},"_links":{"self":[{"href":"https:\/\/job.avalonplus.group\/de\/wp-json\/wp\/v2\/pages\/15591","targetHints":{"allow":["GET"]}}],"collection":[{"href":"https:\/\/job.avalonplus.group\/de\/wp-json\/wp\/v2\/pages"}],"about":[{"href":"https:\/\/job.avalonplus.group\/de\/wp-json\/wp\/v2\/types\/page"}],"author":[{"embeddable":true,"href":"https:\/\/job.avalonplus.group\/de\/wp-json\/wp\/v2\/users\/1"}],"replies":[{"embeddable":true,"href":"https:\/\/job.avalonplus.group\/de\/wp-json\/wp\/v2\/comments?post=15591"}],"version-history":[{"count":0,"href":"https:\/\/job.avalonplus.group\/de\/wp-json\/wp\/v2\/pages\/15591\/revisions"}],"wp:featuredmedia":[{"embeddable":true,"href":"https:\/\/job.avalonplus.group\/de\/wp-json\/wp\/v2\/media\/16283"}],"wp:attachment":[{"href":"https:\/\/job.avalonplus.group\/de\/wp-json\/wp\/v2\/media?parent=15591"}],"curies":[{"name":"wp","href":"https:\/\/api.w.org\/{rel}","templated":true}]}}