{"id":15847,"date":"2021-01-11T09:04:46","date_gmt":"2021-01-11T09:04:46","guid":{"rendered":"https:\/\/job.avalonplus.group\/?page_id=15847"},"modified":"2021-05-04T07:23:11","modified_gmt":"2021-05-04T07:23:11","slug":"soiskateli","status":"publish","type":"page","link":"https:\/\/job.avalonplus.group\/et\/","title":{"rendered":"Otsin t\u00f6\u00f6d"},"content":{"rendered":"<div  class=\"wpb_row vc_row-fluid full-width-section section  section-no-parallax  stretch bg-stretch\" data-speed=\"1\" style=\"background-image: url(https:\/\/job.avalonplus.group\/wp-content\/uploads\/2021\/04\/629.png); background-color: #000000; \"><div class=\"col span_12 color-dark left\">\n\t<div class=\"vc_col-sm-12 wpb_column column_container col text-align-center no-padding color-dark\" style=\"\" data-animation=\"\" data-delay=\"\">\n\t\t<div class=\"wpb_wrapper\">\n\t\t\t\n\t\t\t<!-- START Slider 3 REVOLUTION SLIDER 6.2.9 --><p class=\"rs-p-wp-fix\"><\/p>\n\t\t\t<rs-module-wrap id=\"rev_slider_16_1_wrapper\" data-source=\"gallery\" style=\"background:transparent;padding:0;margin:0px auto;margin-top:0;margin-bottom:0;\">\n\t\t\t\t<rs-module id=\"rev_slider_16_1\" style=\"\" data-version=\"6.2.9\">\n\t\t\t\t\t<rs-slides>\n\t\t\t\t\t\t<rs-slide data-key=\"rs-38\" data-title=\"Slide\" data-anim=\"ei:d;eo:d;s:1000;r:0;t:fade;sl:0;\">\n\t\t\t\t\t\t\t<img decoding=\"async\" src=\"\/\/job.avalonplus.group\/wp-content\/plugins\/revslider\/public\/assets\/assets\/transparent.png\" title=\"Otsin t\u00f6\u00f6d\" class=\"rev-slidebg\" data-no-retina>\n<!--\n\t\t\t\t\t\t\t--><rs-layer\n\t\t\t\t\t\t\t\tid=\"slider-16-slide-38-layer-0\" \n\t\t\t\t\t\t\t\tdata-type=\"text\"\n\t\t\t\t\t\t\t\tdata-rsp_ch=\"on\"\n\t\t\t\t\t\t\t\tdata-xy=\"x:c;yo:218px,166px,126px,94px;\"\n\t\t\t\t\t\t\t\tdata-text=\"w:normal,normal,normal,normal;s:70,86,65,52;l:70,71,53,52;ls:-4px,-3px,-2px,-1px;fw:800;a:center;\"\n\t\t\t\t\t\t\t\tdata-dim=\"w:auto,967.703125px,734px,428px;\"\n\t\t\t\t\t\t\t\tdata-frame_0=\"sX:0.9;sY:0.9;\"\n\t\t\t\t\t\t\t\tdata-frame_1=\"sp:1000;\"\n\t\t\t\t\t\t\t\tdata-frame_999=\"o:0;st:w;sR:8000;\"\n\t\t\t\t\t\t\t\tstyle=\"z-index:5;font-family:Poppins;\"\n\t\t\t\t\t\t\t>T\u00f6\u00f6 Euroopas \u2013 kas unistus v\u00f5i reaalsus? \n\t\t\t\t\t\t\t<\/rs-layer><!--\n\n\t\t\t\t\t\t\t--><a\n\t\t\t\t\t\t\t\tid=\"slider-16-slide-38-layer-1\" \n\t\t\t\t\t\t\t\tclass=\"rs-layer rev-btn\"\n\t\t\t\t\t\t\t\thref=\"https:\/\/job.avalonplus.group\/et\/contact-us1\/\" target=\"_self\" rel=\"nofollow\"\n\t\t\t\t\t\t\t\tdata-type=\"button\"\n\t\t\t\t\t\t\t\tdata-rsp_ch=\"on\"\n\t\t\t\t\t\t\t\tdata-xy=\"x:c;xo:0,2px,0,0;yo:374px,368px,265px,289px;\"\n\t\t\t\t\t\t\t\tdata-text=\"w:normal;s:15,12,15,15;l:50,41,43,41;ls:3px,2px,1px,0px;fw:900;a:center;\"\n\t\t\t\t\t\t\t\tdata-dim=\"w:auto,auto,auto,191.71875px;minh:0px,none,none,none;\"\n\t\t\t\t\t\t\t\tdata-padding=\"r:25,21,16,10;l:25,21,16,10;\"\n\t\t\t\t\t\t\t\tdata-frame_0=\"y:50,41,31,19;\"\n\t\t\t\t\t\t\t\tdata-frame_1=\"sp:1000;\"\n\t\t\t\t\t\t\t\tdata-frame_999=\"o:0;st:w;sR:8700;\"\n\t\t\t\t\t\t\t\tdata-frame_hover=\"c:#000;bgc:#fff;bor:0px,0px,0px,0px;bri:120%;\"\n\t\t\t\t\t\t\t\tstyle=\"z-index:6;background-color:#ff0000;font-family:Roboto;text-transform:uppercase;\"\n\t\t\t\t\t\t\t>V\u00f5tke meiega \u00fchendust \n\t\t\t\t\t\t\t<\/a><!--\n\n\t\t\t\t\t\t\t--><rs-layer\n\t\t\t\t\t\t\t\tid=\"slider-16-slide-38-layer-2\" \n\t\t\t\t\t\t\t\tdata-type=\"text\"\n\t\t\t\t\t\t\t\tdata-color=\"rgba(255, 255, 255, 0.32)\"\n\t\t\t\t\t\t\t\tdata-rsp_ch=\"on\"\n\t\t\t\t\t\t\t\tdata-xy=\"xo:814px,505px,383px,355px;yo:565px,564px,428px,481px;\"\n\t\t\t\t\t\t\t\tdata-text=\"w:normal;s:300,247,187,215;l:90,74,56,34;ls:-30px,-24px,-18px,-11px;fw:900;\"\n\t\t\t\t\t\t\t\tdata-frame_1=\"x:-881px,-727px,-552px,-340px;y:-13px,-10px,-7px,-4px;sp:6280;\"\n\t\t\t\t\t\t\t\tdata-frame_999=\"o:0;st:w;sR:2720;\"\n\t\t\t\t\t\t\t\tstyle=\"z-index:7;font-family:Poppins;\"\n\t\t\t\t\t\t\t>avalonplus \n\t\t\t\t\t\t\t<\/rs-layer><!--\n-->\t\t\t\t\t\t<\/rs-slide>\n\t\t\t\t\t<\/rs-slides>\n\t\t\t\t<\/rs-module>\n\t\t\t\t<script type=\"text\/javascript\">\n\t\t\t\t\tsetREVStartSize({c: 'rev_slider_16_1',rl:[1240,1024,778,480],el:[700,700,539,571],gw:[1240,1024,778,480],gh:[700,700,539,571],type:'standard',justify:'',layout:'fullwidth',mh:\"0\"});\n\t\t\t\t\tvar\trevapi16,\n\t\t\t\t\t\ttpj;\n\t\t\t\t\tjQuery(function() {\n\t\t\t\t\t\ttpj = jQuery;\n\t\t\t\t\t\trevapi16 = tpj(\"#rev_slider_16_1\")\n\t\t\t\t\t\tif(revapi16==undefined || revapi16.revolution == undefined){\n\t\t\t\t\t\t\trevslider_showDoubleJqueryError(\"rev_slider_16_1\");\n\t\t\t\t\t\t}else{\n\t\t\t\t\t\t\trevapi16.revolution({\n\t\t\t\t\t\t\t\tsliderLayout:\"fullwidth\",\n\t\t\t\t\t\t\t\tvisibilityLevels:\"1240,1024,778,480\",\n\t\t\t\t\t\t\t\tgridwidth:\"1240,1024,778,480\",\n\t\t\t\t\t\t\t\tgridheight:\"700,700,539,571\",\n\t\t\t\t\t\t\t\tperspective:600,\n\t\t\t\t\t\t\t\tperspectiveType:\"global\",\n\t\t\t\t\t\t\t\teditorheight:\"700,700,539,571\",\n\t\t\t\t\t\t\t\tresponsiveLevels:\"1240,1024,778,480\",\n\t\t\t\t\t\t\t\tprogressBar:{disableProgressBar:true},\n\t\t\t\t\t\t\t\tnavigation: {\n\t\t\t\t\t\t\t\t\tonHoverStop:false\n\t\t\t\t\t\t\t\t},\n\t\t\t\t\t\t\t\tfallbacks: {\n\t\t\t\t\t\t\t\t\tallowHTML5AutoPlayOnAndroid:true\n\t\t\t\t\t\t\t\t},\n\t\t\t\t\t\t\t});\n\t\t\t\t\t\t}\n\t\t\t\t\t\t\n\t\t\t\t\t});\n\t\t\t\t<\/script>\n\t\t\t<\/rs-module-wrap>\n\t\t\t<!-- END REVOLUTION SLIDER -->\n\n\t\t<\/div> \n\t<\/div> \n<\/div><\/div><div  class=\"wpb_row vc_row-fluid full-width-section section  section-no-parallax  stretch   vc_row-o-full-height  vc_row-o-content-middle\" data-speed=\"1\" style=\"background-color: #212121; \"><div class=\"col span_12 color-dark left\">\n\t<div class=\"vc_col-sm-6 wpb_column column_container col vertical-center padding-8 color-dark\" style=\"\" data-animation=\"\" data-delay=\"\">\n\t\t<div class=\"wpb_wrapper\">\n\t\t\t<h3 class=\"headline font-special fontsize-m fontweight-700 lh-inherit align-left transform-uppercase\" style=\"margin: 0 0 20px 0; color: #ff0000;\">Teeme teie unistuse teoks<\/h3>\n\t<div class=\"wpb_text_column wpb_content_element\" >\n\t\t<div class=\"wpb_wrapper\">\n\t\t\t<p>T\u00f6\u00f6tamine v\u00e4lismaal \u2013 see ei ole ainult laias maailmas reisimine, vaid ka v\u00f5imalus panna alus rahvusvahelisele karj\u00e4\u00e4rile ja leida ametialaseks kasvuks t\u00e4iesti uusi v\u00f5imalusi \ud83d\udc4c<\/p>\n<p>\u26a1\ufe0f Kui teil avanes selline v\u00f5imalus, p\u00fc\u00fcdke seda mitte k\u00e4est lasta \u2757\ufe0f<span class=\"Apple-converted-space\">\u00a0<\/span><\/p>\n<h3>1. Viisa ja t\u00f6\u00f6luba<\/h3>\n<p>Euroopas t\u00f6\u00f6le asumiseks vajate kindlasti viisat ja t\u00f6\u00f6luba (kolmandatest riikidest p\u00e4rit isikute puhul). Teil ei ole vaja muretseda, et peate pikkades j\u00e4rjekordades seisma ja loa saamiseks kuude kaupa ootama. Selle eest hoolitseme meie. Euroopa kodanikel ei ole viisat ja luba vaja \ud83d\udc4c<\/p>\n<h3>2. Eluaseme leidmine<\/h3>\n<p>Teil ei tasu muretseda ja m\u00f5elda, kus te v\u00e4lismaal t\u00f6\u00f6tamise ajal elama hakkate. Ka selle eest on meie ettev\u00f5te juba hoolitsenud \ud83d\udc4c<\/p>\n<h3>3. Seaduslikkuse garantii<\/h3>\n<p>Kolmandatest riikidest p\u00e4rit isikute puhul toimub t\u00f6\u00f6tamine ametliku t\u00f6\u00f6kutse ja -viisaga, t\u00f6\u00f6le asute te aga t\u00f6\u00f6lepingu alusel. \u2028Euroopa kodanike jaoks on k\u00f5ik m\u00e4rksa lihtsam \ud83d\udc4c<span class=\"Apple-converted-space\">\u00a0<\/span><\/p>\n<h3>4. Tutvumine uute inimestega<\/h3>\n<p>Uued tutvused pakuvad alati meeldivaid emotsioone. Meie ettev\u00f5ttes t\u00f6\u00f6tavad suurep\u00e4rased ja s\u00f5bralikud inimesed \ud83d\udc4c<\/p>\n<h3>5. Karj\u00e4\u00e4rialane kasv<\/h3>\n<p>Karj\u00e4\u00e4rialane kasv tagab v\u00e4lismaal mugava elu. Tehases t\u00f6\u00f6le asudes on isegi lihtsal meistrimehel v\u00f5imalik aja jooksul karj\u00e4\u00e4riredelil m\u00e4rkimisv\u00e4\u00e4rselt t\u00f5usta \ud83d\udc4c<\/p>\n<p>\ud83d\udc49 \u041a\u0430\u043a \u0432\u0438\u0434\u0438\u0442\u0435 \u0430\u0440\u0433\u0443\u043c\u0435\u043d\u0442\u043e\u0432 \u0432 \u043f\u043e\u043b\u044c\u0437\u0443 \u0442\u0440\u0443\u0434\u043e\u0443\u0441\u0442\u0440\u043e\u0439\u0441\u0442\u0432\u0430 \u0432\u00a0AVALONPLUS GROUP\u00a0 \u0432\u0435\u043b\u0438\u043a\u043e\u0435 \u043c\u043d\u043e\u0436\u0435\u0441\u0442\u0432\u043e. \u0418 \u043a\u0430\u0436\u0434\u044b\u0439 \u043c\u043e\u0436\u0435\u0442 \u043d\u0430\u0439\u0442\u0438 \u0447\u0442\u043e-\u0442\u043e \u0441\u0432\u043e\u0451, \u0442\u043e, \u0447\u0442\u043e \u0441\u0442\u0430\u043d\u0435\u0442 \u043e\u0442\u043f\u0440\u0430\u0432\u043d\u043e\u0439 \u0442\u043e\u0447\u043a\u043e\u0439 \u0434\u043b\u044f \u043d\u043e\u0432\u043e\u0433\u043e \u043f\u0443\u0442\u0435\u0448\u0435\u0441\u0442\u0432\u0438\u044f \u0432 \u043c\u0438\u0440 \u043f\u0440\u043e\u0444\u0435\u0441\u0441\u0438\u043e\u043d\u0430\u043b\u044c\u043d\u043e\u0433\u043e \u0440\u043e\u0441\u0442\u0430 \u0438 \u0434\u043e\u0441\u0442\u043e\u0439\u043d\u043e\u0439 \u0437\u0430\u0440\u043f\u043b\u0430\u0442\u044b \ud83d\udc4c<\/p>\n<p>\ud83d\udca5 \u00c4rge laske oma v\u00f5imalust m\u00f6\u00f6da \u2013 saage meie meeskonna osaks \ud83d\udca5<\/p>\n<p>\ud83d\udce9 Saatke oma p\u00f5hjalik CV meie e-postkasti ja me leiame teile sobiva t\u00f6\u00f6koha (<a href=\"mailto:job@avalonplus.group\">job@avalonplus.group<\/a>)<\/p>\n\n\t\t<\/div>\n\t<\/div>\n\n\t\t<\/div> \n\t<\/div> \n\n\t<div class=\"vc_col-sm-6 wpb_column column_container col vertical-center no-padding color-dark\" style=\"background-image: url(https:\/\/job.avalonplus.group\/wp-content\/uploads\/2021\/04\/skyscraper-commercial-building-1-scaled-e1619709072218.jpg); \" data-animation=\"\" data-delay=\"\">\n\t\t<div class=\"wpb_wrapper\">\n\t\t\t<div class=\"vc_empty_space\"   style=\"height: 600px\"><span class=\"vc_empty_space_inner\"><\/span><\/div>\n\t\t<\/div> \n\t<\/div> \n<\/div><\/div><div  class=\"wpb_row vc_row-fluid standard-section section  section-no-parallax  stretch\" data-speed=\"1\" style=\"background-color: #000000; padding-top: 50px; padding-bottom: 50px; \"><div class=\"col span_12 color-light left\">\n\t<div class=\"vc_col-sm-8 hidden-xs wpb_column column_container col no-padding color-dark\" style=\"\" data-animation=\"\" data-delay=\"\">\n\t\t<div class=\"wpb_wrapper\">\n\t\t\t<h2 class=\"headline font-special fontsize-l fontweight-700 lh-inherit align-center transform-uppercase\" style=\" color: #ffffff;\">VAADAKE VABU T\u00d6\u00d6KOHTI<\/h2>\n\t\t<\/div> \n\t<\/div> \n\n\t<div class=\"vc_col-sm-4 wpb_column column_container col vertical-center text-align-center no-padding animate color-dark\" style=\"\" data-animation=\"fade-in\" data-delay=\"0\">\n\t\t<div class=\"wpb_wrapper\">\n\t\t\t<a href=\"https:\/\/job.avalonplus.group\/et\/all-jobs\/\" target=\"_self\" class=\"button button-appear custom large\" style=\"background-color: #ff0000; border-color: #ff0000;border-radius: ;\"><span>K\u00f5ik vabad t\u00f6\u00f6kohad<\/span><\/a>\n\t\t<\/div> \n\t<\/div> \n<\/div><\/div>","protected":false},"excerpt":{"rendered":"\u0420\u0430\u0431\u043e\u0442\u0430 \u0432 \u0415\u0432\u0440\u043e\u043f\u0435 \u043c\u0435\u0447\u0442\u0430 \u0438\u043b\u0438 \u0440\u0435\u0430\u043b\u044c\u043d\u043e\u0441\u0442\u044c? \u0421\u0432\u044f\u0436\u0438\u0442\u0435\u0441\u044c \u0441 \u043d\u0430\u043c\u0438 avalonplus \u041c\u044b \u0434\u0435\u043b\u0430\u0435\u043c \u0432\u0441\u0435, \u0447\u0442\u043e\u0431\u044b \u0412\u0430\u0448\u0430 \u043c\u0435\u0447\u0442\u0430 \u0441\u0442\u0430\u043b\u0430 \u0440\u0435\u0430\u043b\u044c\u043d\u043e\u0441\u0442\u044c\u044e. \u0420\u0430\u0431\u043e\u0442\u0430 \u0437\u0430 \u0433\u0440\u0430\u043d\u0438\u0446\u0435\u0439 \u2013 \u044d\u0442\u043e \u043d\u0435 \u0442\u043e\u043b\u044c\u043a\u043e \u043f\u0443\u0442\u0435\u0448\u0435\u0441\u0442\u0432\u0438\u044f \u043f\u043e \u043c\u0438\u0440\u0443, \u043d\u043e \u0438 \u0432\u043e\u0437\u043c\u043e\u0436\u043d\u043e\u0441\u0442\u044c \u0434\u0430\u0442\u044c \u0441\u0442\u0430\u0440\u0442 \u043c\u0435\u0436\u0434\u0443\u043d\u0430\u0440\u043e\u0434\u043d\u043e\u0439 \u043a\u0430\u0440\u044c\u0435\u0440\u0435 \u0438 \u043e\u0442\u043a\u0440\u044b\u0442\u044c \u0441\u043e\u0432\u0435\u0440\u0448\u0435\u043d\u043d\u043e \u043d\u043e\u0432\u044b\u0435 \u0432\u043e\u0437\u043c\u043e\u0436\u043d\u043e\u0441\u0442\u0438 \u043f\u0440\u043e\u0444\u0435\u0441\u0441\u0438\u043e\u043d\u0430\u043b\u044c\u043d\u043e\u0433\u043e \u0440\u043e\u0441\u0442\u0430\ud83d\udc4c \u26a1\ufe0f \u0415\u0441\u043b\u0438 \u0432\u0430\u043c \u0432\u044b\u0434\u0430\u043b\u0430\u0441\u044c \u0442\u0430\u043a\u0430\u044f \u0432\u043e\u0437\u043c\u043e\u0436\u043d\u043e\u0441\u0442\u044c, \u043f\u043e\u0441\u0442\u0430\u0440\u0430\u0439\u0442\u0435\u0441\u044c \u0435\u0435 \u043d\u0435 \u0443\u043f\u0443\u0441\u0442\u0438\u0442\u044c\u2757\ufe0f\u00a0 1. \u0412\u0438\u0437\u0430 \u0438 \u0440\u0430\u0437\u0440\u0435\u0448\u0435\u043d\u0438\u0435 \u043d\u0430 \u0440\u0430\u0431\u043e\u0442\u0443 \u0427\u0442\u043e\u0431\u044b \u043d\u0430\u0447\u0430\u0442\u044c \u0440\u0430\u0431\u043e\u0442\u0430\u0442\u044c \u0432 \u0415\u0432\u0440\u043e\u043f\u0435 \u0412\u0430\u043c \u043e\u0431\u044f\u0437\u0430\u0442\u0435\u043b\u044c\u043d\u043e \u043d\u0443\u0436\u043d\u0430 \u0432\u0438\u0437\u0430 \u0438 \u0440\u0430\u0437\u0440\u0435\u0448\u0435\u043d\u0438\u0435 \u043d\u0430 \u0440\u0430\u0431\u043e\u0442\u0443 (\u0434\u043b\u044f \u043b\u0438\u0446 \u0438\u0437 \u0442\u0440\u0435\u0442\u044c\u0438\u0445 \u0441\u0442\u0440\u0430\u043d). \u041c\u043e\u0436\u0435\u0442\u0435 \u043d\u0435 \u043f\u0435\u0440\u0435\u0436\u0438\u0432\u0430\u0442\u044c, \u0447\u0442\u043e \u0412\u0430\u043c \u043f\u0440\u0438\u0434\u0451\u0442\u0441\u044f \u0434\u043e\u043b\u0433\u043e \u0441\u0442\u043e\u044f\u0442\u044c \u0432 \u043e\u0447\u0435\u0440\u0435\u0434\u044f\u0445 \u0438 \u043c\u0435\u0441\u044f\u0446\u0430\u043c\u0438 \u0436\u0434\u0430\u0442\u044c \u0440\u0430\u0437\u0440\u0435\u0448\u0435\u043d\u0438\u044f. \u0417\u0430 \u0412\u0430\u0441 \u044d\u0442\u043e \u0441\u0434\u0435\u043b\u0430\u0435\u0442 \u043d\u0430\u0448\u0430 \u043a\u043e\u043c\u043f\u0430\u043d\u0438\u044f. \u0414\u043b\u044f \u0433\u0440\u0430\u0436\u0434\u0430\u043d \u0415\u0432\u0440\u043e\u043f\u044b \u0432\u0438\u0437\u044b \u0438 \u0440\u0430\u0437\u0440\u0435\u0448\u0435\u043d\u0438\u044f \u043d\u0435 \u043d\u0443\u0436\u043d\u044b\ud83d\udc4c 2. \u041f\u043e\u0438\u0441\u043a \u0436\u0438\u043b\u044c\u044f \u0412\u0430\u043c \u043d\u0435 \u0441\u0442\u043e\u0438\u0442 \u043f\u0435\u0440\u0435\u0436\u0438\u0432\u0430\u0442\u044c \u0438 \u0434\u0443\u043c\u0430\u0442\u044c \u043e \u0442\u043e\u043c,\u00a0\u00a0\u0433\u0434\u0435 \u0412\u044b \u0431\u0443\u0434\u0435\u0442\u0435 \u0436\u0438\u0442\u044c \u043f\u043e\u043a\u0430 \u0440\u0430\u0431\u043e\u0442\u0430\u0435\u0442\u0435 \u0437\u0430 \u0433\u0440\u0430\u043d\u0438\u0446\u0435\u0439. \u041e\u0431 \u044d\u0442\u043e\u043c \u0443\u0436\u0435 \u043f\u043e\u0437\u0430\u0431\u043e\u0442\u0438\u043b\u0430\u0441\u044c \u043d\u0430\u0448\u0430 \u043a\u043e\u043c\u043f\u0430\u043d\u0438\u044f \ud83d\udc4c 3. \u0413\u0430\u0440\u0430\u043d\u0442\u0438\u044f \u043b\u0435\u0433\u0430\u043b\u044c\u043d\u043e\u0441\u0442\u0438 \u0414\u043b\u044f \u043b\u0438\u0446 \u0438\u0437 \u0442\u0440\u0435\u0442\u044c\u0438\u0445 \u0441\u0442\u0440\u0430\u043d \u0442\u0440\u0443\u0434\u043e\u0443\u0441\u0442\u0440\u043e\u0439\u0441\u0442\u0432\u043e \u043f\u0440\u043e\u0438\u0441\u0445\u043e\u0434\u0438\u0442 \u043f\u043e \u043e\u0444\u0438\u0446\u0438\u0430\u043b\u044c\u043d\u044b\u043c \u0440\u0430\u0431\u043e\u0447\u0438\u043c \u043f\u0440\u0438\u0433\u043b\u0430\u0448\u0435\u043d\u0438\u044f\u043c \u0438 \u0432\u0438\u0437\u0435, \u0430 \u0440\u0430\u0431\u043e\u0442\u0430\u0435\u0442\u0435 \u0412\u044b \u043d\u0430 \u043e\u0441\u043d\u043e\u0432\u0435 \u0442\u0440\u0443\u0434\u043e\u0432\u043e\u0433\u043e \u0434\u043e\u0433\u043e\u0432\u043e\u0440\u0430. \u0414\u043b\u044f \u0433\u0440\u0430\u0436\u0434\u0430\u043d \u0415\u0432\u0440\u043e\u043f\u044b, \u0432\u0441\u0435 \u043d\u0430\u043c\u043d\u043e\u0433\u043e \u043f\u0440\u043e\u0449\u0435\ud83d\udc4c\u00a0 4. \u0417\u043d\u0430\u043a\u043e\u043c\u0441\u0442\u0432\u043e \u0441 \u043d\u043e\u0432\u044b\u043c\u0438 \u043b\u044e\u0434\u044c\u043c\u0438 \u041d\u043e\u0432\u044b\u0435 \u0437\u043d\u0430\u043a\u043e\u043c\u0441\u0442\u0432\u0430 \u0432\u0441\u0435\u0433\u0434\u0430 \u043f\u0440\u0438\u043d\u043e\u0441\u044f\u0442 \u043f\u043e\u043b\u043e\u0436\u0438\u0442\u0435\u043b\u044c\u043d\u044b\u0435 \u044d\u043c\u043e\u0446\u0438\u0438. \u0412 \u043d\u0430\u0448\u0435\u0439 \u043a\u043e\u043c\u043f\u0430\u043d\u0438\u0438 \u0440\u0430\u0431\u043e\u0442\u0430\u044e\u0442 \u0437\u0430\u043c\u0435\u0447\u0430\u0442\u0435\u043b\u044c\u043d\u044b\u0435 \u0438 \u0434\u0440\u0443\u0436\u043d\u044b\u0435 \u0441\u043e\u0442\u0440\u0443\u0434\u043d\u0438\u043a\u0438 \ud83d\udc4c 5. \u041a\u0430\u0440\u044c\u0435\u0440\u043d\u044b\u0439 \u0440\u043e\u0441\u0442. \u041a\u0430\u0440\u044c\u0435\u0440\u043d\u044b\u0439 \u0440\u043e\u0441\u0442 \u043e\u0431\u0435\u0441\u043f\u0435\u0447\u0438\u0432\u0430\u0435\u0442 \u043a\u043e\u043c\u0444\u043e\u0440\u0442\u043d\u0443\u044e \u0436\u0438\u0437\u043d\u044c \u0437\u0430 \u0433\u0440\u0430\u043d\u0438\u0446\u0435\u0439. \u041d\u0430\u0447\u0430\u0432 \u0440\u0430\u0431\u043e\u0442\u0430\u0442\u044c \u043d\u0430 \u0437\u0430\u0432\u043e\u0434\u0435 \u0434\u0430\u0436\u0435 \u043f\u0440\u043e\u0441\u0442\u044b\u043c \u0440\u0430\u0437\u043d\u043e\u0440\u0430\u0431\u043e\u0447\u0438\u043c, \u0435\u0441\u0442\u044c \u0432\u043e\u0437\u043c\u043e\u0436\u043d\u043e\u0441\u0442\u044c \u0441\u043e \u0432\u0440\u0435\u043c\u0435\u043d\u0435\u043c \u0437\u043d\u0430\u0447\u0438\u0442\u0435\u043b\u044c\u043d\u043e [...]","protected":false},"author":1,"featured_media":16203,"parent":0,"menu_order":0,"comment_status":"closed","ping_status":"closed","template":"","meta":{"footnotes":""},"class_list":["post-15847","page","type-page","status-publish","has-post-thumbnail","hentry"],"yoast_head":"<!-- This site is optimized with the Yoast SEO plugin v21.5 - https:\/\/yoast.com\/wordpress\/plugins\/seo\/ -->\n<title>\u0418\u0449\u0443 \u0440\u0430\u0431\u043e\u0442\u0443 - AvalonPlus Group<\/title>\n<meta name=\"description\" content=\"We save your time. We are an intermediary between your company and job seekers. Use our services and minimize the risk of hiring employees who do not meet your requirements.\" \/>\n<meta name=\"robots\" content=\"index, follow, max-snippet:-1, max-image-preview:large, max-video-preview:-1\" \/>\n<link rel=\"canonical\" href=\"https:\/\/job.avalonplus.group\/et\/\" \/>\n<meta property=\"og:locale\" content=\"et_EE\" \/>\n<meta property=\"og:type\" content=\"article\" \/>\n<meta property=\"og:title\" content=\"\u0418\u0449\u0443 \u0440\u0430\u0431\u043e\u0442\u0443 - AvalonPlus Group\" \/>\n<meta property=\"og:description\" content=\"We save your time. We are an intermediary between your company and job seekers. Use our services and minimize the risk of hiring employees who do not meet your requirements.\" \/>\n<meta property=\"og:url\" content=\"https:\/\/job.avalonplus.group\/et\/\" \/>\n<meta property=\"og:site_name\" content=\"AvalonPlus Group\" \/>\n<meta property=\"article:modified_time\" content=\"2021-05-04T07:23:11+00:00\" \/>\n<meta property=\"og:image\" content=\"https:\/\/job.avalonplus.group\/wp-content\/uploads\/2021\/04\/Screenshot-20\u043021-04-12-at-11.42.19.png\" \/>\n\t<meta property=\"og:image:width\" content=\"1042\" \/>\n\t<meta property=\"og:image:height\" content=\"358\" \/>\n\t<meta property=\"og:image:type\" content=\"image\/png\" \/>\n<meta name=\"twitter:card\" content=\"summary_large_image\" \/>\n<meta name=\"twitter:label1\" content=\"Est. reading time\" \/>\n\t<meta name=\"twitter:data1\" content=\"2 minutit\" \/>\n<script type=\"application\/ld+json\" class=\"yoast-schema-graph\">{\"@context\":\"https:\/\/schema.org\",\"@graph\":[{\"@type\":\"WebPage\",\"@id\":\"https:\/\/job.avalonplus.group\/\",\"url\":\"https:\/\/job.avalonplus.group\/\",\"name\":\"\u0418\u0449\u0443 \u0440\u0430\u0431\u043e\u0442\u0443 - AvalonPlus Group\",\"isPartOf\":{\"@id\":\"https:\/\/job.avalonplus.group\/#website\"},\"datePublished\":\"2021-01-11T09:04:46+00:00\",\"dateModified\":\"2021-05-04T07:23:11+00:00\",\"description\":\"We save your time. We are an intermediary between your company and job seekers. Use our services and minimize the risk of hiring employees who do not meet your requirements.\",\"breadcrumb\":{\"@id\":\"https:\/\/job.avalonplus.group\/#breadcrumb\"},\"inLanguage\":\"et\",\"potentialAction\":[{\"@type\":\"ReadAction\",\"target\":[\"https:\/\/job.avalonplus.group\/\"]}]},{\"@type\":\"BreadcrumbList\",\"@id\":\"https:\/\/job.avalonplus.group\/#breadcrumb\",\"itemListElement\":[{\"@type\":\"ListItem\",\"position\":1,\"name\":\"\u0413\u043b\u0430\u0432\u043d\u0430\u044f \u0441\u0442\u0440\u0430\u043d\u0438\u0446\u0430\",\"item\":\"https:\/\/job.avalonplus.group\/\"},{\"@type\":\"ListItem\",\"position\":2,\"name\":\"\u0418\u0449\u0443 \u0440\u0430\u0431\u043e\u0442\u0443\"}]},{\"@type\":\"WebSite\",\"@id\":\"https:\/\/job.avalonplus.group\/#website\",\"url\":\"https:\/\/job.avalonplus.group\/\",\"name\":\"AvalonPlus Group\",\"description\":\"Find workers abroad\",\"publisher\":{\"@id\":\"https:\/\/job.avalonplus.group\/#organization\"},\"potentialAction\":[{\"@type\":\"SearchAction\",\"target\":{\"@type\":\"EntryPoint\",\"urlTemplate\":\"https:\/\/job.avalonplus.group\/?s={search_term_string}\"},\"query-input\":\"required name=search_term_string\"}],\"inLanguage\":\"et\"},{\"@type\":\"Organization\",\"@id\":\"https:\/\/job.avalonplus.group\/#organization\",\"name\":\"EH Rent Stuff\",\"url\":\"https:\/\/job.avalonplus.group\/\",\"logo\":{\"@type\":\"ImageObject\",\"inLanguage\":\"et\",\"@id\":\"https:\/\/job.avalonplus.group\/#\/schema\/logo\/image\/\",\"url\":\"https:\/\/job.avalonplus.group\/wp-content\/uploads\/2020\/06\/\u0421\u043d\u0438\u043c\u043e\u043a-\u044d\u0430\u0443\u043a\u0440\u0430\u043d\u0430-2020-06-16-\u0432-14.12.31-3.png\",\"contentUrl\":\"https:\/\/job.avalonplus.group\/wp-content\/uploads\/2020\/06\/\u0421\u043d\u0438\u043c\u043e\u043a-\u044d\u0430\u0443\u043a\u0440\u0430\u043d\u0430-2020-06-16-\u0432-14.12.31-3.png\",\"width\":314,\"height\":50,\"caption\":\"EH Rent Stuff\"},\"image\":{\"@id\":\"https:\/\/job.avalonplus.group\/#\/schema\/logo\/image\/\"}}]}<\/script>\n<!-- \/ Yoast SEO plugin. -->","yoast_head_json":{"title":"\u0418\u0449\u0443 \u0440\u0430\u0431\u043e\u0442\u0443 - AvalonPlus Group","description":"We save your time. We are an intermediary between your company and job seekers. Use our services and minimize the risk of hiring employees who do not meet your requirements.","robots":{"index":"index","follow":"follow","max-snippet":"max-snippet:-1","max-image-preview":"max-image-preview:large","max-video-preview":"max-video-preview:-1"},"canonical":"https:\/\/job.avalonplus.group\/et\/","og_locale":"et_EE","og_type":"article","og_title":"\u0418\u0449\u0443 \u0440\u0430\u0431\u043e\u0442\u0443 - AvalonPlus Group","og_description":"We save your time. We are an intermediary between your company and job seekers. Use our services and minimize the risk of hiring employees who do not meet your requirements.","og_url":"https:\/\/job.avalonplus.group\/et\/","og_site_name":"AvalonPlus Group","article_modified_time":"2021-05-04T07:23:11+00:00","og_image":[{"width":1042,"height":358,"url":"https:\/\/job.avalonplus.group\/wp-content\/uploads\/2021\/04\/Screenshot-20\u043021-04-12-at-11.42.19.png","type":"image\/png"}],"twitter_card":"summary_large_image","twitter_misc":{"Est. reading time":"2 minutit"},"schema":{"@context":"https:\/\/schema.org","@graph":[{"@type":"WebPage","@id":"https:\/\/job.avalonplus.group\/","url":"https:\/\/job.avalonplus.group\/","name":"\u0418\u0449\u0443 \u0440\u0430\u0431\u043e\u0442\u0443 - AvalonPlus Group","isPartOf":{"@id":"https:\/\/job.avalonplus.group\/#website"},"datePublished":"2021-01-11T09:04:46+00:00","dateModified":"2021-05-04T07:23:11+00:00","description":"We save your time. We are an intermediary between your company and job seekers. Use our services and minimize the risk of hiring employees who do not meet your requirements.","breadcrumb":{"@id":"https:\/\/job.avalonplus.group\/#breadcrumb"},"inLanguage":"et","potentialAction":[{"@type":"ReadAction","target":["https:\/\/job.avalonplus.group\/"]}]},{"@type":"BreadcrumbList","@id":"https:\/\/job.avalonplus.group\/#breadcrumb","itemListElement":[{"@type":"ListItem","position":1,"name":"\u0413\u043b\u0430\u0432\u043d\u0430\u044f \u0441\u0442\u0440\u0430\u043d\u0438\u0446\u0430","item":"https:\/\/job.avalonplus.group\/"},{"@type":"ListItem","position":2,"name":"\u0418\u0449\u0443 \u0440\u0430\u0431\u043e\u0442\u0443"}]},{"@type":"WebSite","@id":"https:\/\/job.avalonplus.group\/#website","url":"https:\/\/job.avalonplus.group\/","name":"AvalonPlus Group","description":"Find workers abroad","publisher":{"@id":"https:\/\/job.avalonplus.group\/#organization"},"potentialAction":[{"@type":"SearchAction","target":{"@type":"EntryPoint","urlTemplate":"https:\/\/job.avalonplus.group\/?s={search_term_string}"},"query-input":"required name=search_term_string"}],"inLanguage":"et"},{"@type":"Organization","@id":"https:\/\/job.avalonplus.group\/#organization","name":"EH Rent Stuff","url":"https:\/\/job.avalonplus.group\/","logo":{"@type":"ImageObject","inLanguage":"et","@id":"https:\/\/job.avalonplus.group\/#\/schema\/logo\/image\/","url":"https:\/\/job.avalonplus.group\/wp-content\/uploads\/2020\/06\/\u0421\u043d\u0438\u043c\u043e\u043a-\u044d\u0430\u0443\u043a\u0440\u0430\u043d\u0430-2020-06-16-\u0432-14.12.31-3.png","contentUrl":"https:\/\/job.avalonplus.group\/wp-content\/uploads\/2020\/06\/\u0421\u043d\u0438\u043c\u043e\u043a-\u044d\u0430\u0443\u043a\u0440\u0430\u043d\u0430-2020-06-16-\u0432-14.12.31-3.png","width":314,"height":50,"caption":"EH Rent Stuff"},"image":{"@id":"https:\/\/job.avalonplus.group\/#\/schema\/logo\/image\/"}}]}},"_links":{"self":[{"href":"https:\/\/job.avalonplus.group\/et\/wp-json\/wp\/v2\/pages\/15847","targetHints":{"allow":["GET"]}}],"collection":[{"href":"https:\/\/job.avalonplus.group\/et\/wp-json\/wp\/v2\/pages"}],"about":[{"href":"https:\/\/job.avalonplus.group\/et\/wp-json\/wp\/v2\/types\/page"}],"author":[{"embeddable":true,"href":"https:\/\/job.avalonplus.group\/et\/wp-json\/wp\/v2\/users\/1"}],"replies":[{"embeddable":true,"href":"https:\/\/job.avalonplus.group\/et\/wp-json\/wp\/v2\/comments?post=15847"}],"version-history":[{"count":0,"href":"https:\/\/job.avalonplus.group\/et\/wp-json\/wp\/v2\/pages\/15847\/revisions"}],"wp:featuredmedia":[{"embeddable":true,"href":"https:\/\/job.avalonplus.group\/et\/wp-json\/wp\/v2\/media\/16203"}],"wp:attachment":[{"href":"https:\/\/job.avalonplus.group\/et\/wp-json\/wp\/v2\/media?parent=15847"}],"curies":[{"name":"wp","href":"https:\/\/api.w.org\/{rel}","templated":true}]}}