{"id":16207,"date":"2021-04-12T11:43:10","date_gmt":"2021-04-12T11:43:10","guid":{"rendered":"https:\/\/job.avalonplus.group\/?page_id=16207"},"modified":"2021-04-12T12:22:25","modified_gmt":"2021-04-12T12:22:25","slug":"contact-us1-2","status":"publish","type":"page","link":"https:\/\/job.avalonplus.group\/et\/contact-us1-2\/","title":{"rendered":"Kontakt"},"content":{"rendered":"<div  class=\"wpb_row vc_row-fluid full-width-section section  section-parallax  stretch bg-stretch\" data-speed=\"1\" style=\"background-image: url(https:\/\/job.avalonplus.group\/wp-content\/uploads\/2021\/04\/280751-P61Kf6I-953-copyf-2-1024x588-2.png); padding-top: 100px; padding-bottom: 100px; \"><div class=\"col span_12 color-dark left\">\n\t<div class=\"vc_col-sm-12 wpb_column column_container col no-padding color-dark\" style=\"\" data-animation=\"\" data-delay=\"\">\n\t\t<div class=\"wpb_wrapper\">\n\t\t\t<div class=\"vc_row wpb_row vc_inner vc_row-fluid\"><div class=\"wpb_column vc_column_container vc_col-sm-12\"><div class=\"vc_column-inner\"><div class=\"wpb_wrapper\">\n\t<div class=\"wpb_text_column wpb_content_element\" >\n\t\t<div class=\"wpb_wrapper\">\n\t\t\t<h2 style=\"text-align: center;\"><img loading=\"lazy\" decoding=\"async\" src=\"https:\/\/job.avalonplus.group\/wp-content\/uploads\/2021\/04\/pin-location-icon-iconic-design-vector-18322366.png\" alt=\"\" width=\"15\" height=\"21\" \/>\u00a0EST<\/h2>\n\n\t\t<\/div>\n\t<\/div>\n<div class=\"vc_separator wpb_content_element vc_separator_align_center vc_sep_width_100 vc_sep_pos_align_center vc_separator_no_text vc_sep_color_grey\" ><span class=\"vc_sep_holder vc_sep_holder_l\"><span  class=\"vc_sep_line\"><\/span><\/span><span class=\"vc_sep_holder vc_sep_holder_r\"><span  class=\"vc_sep_line\"><\/span><\/span>\n<\/div><\/div><\/div><\/div><\/div>\n\t<div class=\"wpb_text_column wpb_content_element\" >\n\t\t<div class=\"wpb_wrapper\">\n\t\t\t<h4 style=\"text-align: center;\">Otsin t\u00f6\u00f6j\u00f5udu:<\/h4>\n<p style=\"text-align: center;\">+372 5825 3935<\/p>\n<p style=\"text-align: center;\"><a href=\"mailto:info@avalonplus.group\">info@avalonplus.group<\/a><\/p>\n<h4 style=\"text-align: center;\">Otsin t\u00f6\u00f6d:<\/h4>\n<p style=\"text-align: center;\">+372 5811 0055<\/p>\n<p style=\"text-align: center;\"><a href=\"mailto:job@elitehome.ee\">job@elitehome.ee<\/a><\/p>\n\n\t\t<\/div>\n\t<\/div>\n<div class=\"vc_row wpb_row vc_inner vc_row-fluid\"><div class=\"wpb_column vc_column_container vc_col-sm-6\"><div class=\"vc_column-inner\"><div class=\"wpb_wrapper\"><div class=\"vc_empty_space\"   style=\"height: 70px\"><span class=\"vc_empty_space_inner\"><\/span><\/div>\n\t<div class=\"wpb_text_column wpb_content_element\" >\n\t\t<div class=\"wpb_wrapper\">\n\t\t\t<h2 style=\"text-align: center;\"><img loading=\"lazy\" decoding=\"async\" src=\"https:\/\/job.avalonplus.group\/wp-content\/uploads\/2021\/04\/pin-location-icon-iconic-design-vector-18322366.png\" alt=\"\" width=\"15\" height=\"21\" \/>\u00a0LV<\/h2>\n\n\t\t<\/div>\n\t<\/div>\n<div class=\"vc_separator wpb_content_element vc_separator_align_center vc_sep_width_100 vc_sep_pos_align_center vc_separator_no_text vc_sep_color_grey\" ><span class=\"vc_sep_holder vc_sep_holder_l\"><span  class=\"vc_sep_line\"><\/span><\/span><span class=\"vc_sep_holder vc_sep_holder_r\"><span  class=\"vc_sep_line\"><\/span><\/span>\n<\/div>\n\t<div class=\"wpb_text_column wpb_content_element\" >\n\t\t<div class=\"wpb_wrapper\">\n\t\t\t<p style=\"text-align: center;\"><a href=\"mailto:info@avalonplus.group\">info@avalonplus.group<\/a><\/p>\n\n\t\t<\/div>\n\t<\/div>\n<\/div><\/div><\/div><div class=\"wpb_column vc_column_container vc_col-sm-6\"><div class=\"vc_column-inner\"><div class=\"wpb_wrapper\"><div class=\"vc_empty_space\"   style=\"height: 70px\"><span class=\"vc_empty_space_inner\"><\/span><\/div>\n\t<div class=\"wpb_text_column wpb_content_element\" >\n\t\t<div class=\"wpb_wrapper\">\n\t\t\t<h2 style=\"text-align: center;\"><img loading=\"lazy\" decoding=\"async\" src=\"https:\/\/job.avalonplus.group\/wp-content\/uploads\/2021\/04\/pin-location-icon-iconic-design-vector-18322366.png\" alt=\"\" width=\"15\" height=\"21\" \/>\u00a0LT<\/h2>\n\n\t\t<\/div>\n\t<\/div>\n<div class=\"vc_separator wpb_content_element vc_separator_align_center vc_sep_width_100 vc_sep_pos_align_center vc_separator_no_text vc_sep_color_grey\" ><span class=\"vc_sep_holder vc_sep_holder_l\"><span  class=\"vc_sep_line\"><\/span><\/span><span class=\"vc_sep_holder vc_sep_holder_r\"><span  class=\"vc_sep_line\"><\/span><\/span>\n<\/div>\n\t<div class=\"wpb_text_column wpb_content_element\" >\n\t\t<div class=\"wpb_wrapper\">\n\t\t\t<p style=\"text-align: center;\"><a href=\"mailto:info@avalonplus.group\">info@avalonplus.group<\/a><\/p>\n\n\t\t<\/div>\n\t<\/div>\n<\/div><\/div><\/div><\/div><div class=\"vc_row wpb_row vc_inner vc_row-fluid\"><div class=\"wpb_column vc_column_container vc_col-sm-6\"><div class=\"vc_column-inner\"><div class=\"wpb_wrapper\"><div class=\"vc_empty_space\"   style=\"height: 70px\"><span class=\"vc_empty_space_inner\"><\/span><\/div>\n\t<div class=\"wpb_text_column wpb_content_element\" >\n\t\t<div class=\"wpb_wrapper\">\n\t\t\t<h2 style=\"text-align: center;\"><img loading=\"lazy\" decoding=\"async\" src=\"https:\/\/job.avalonplus.group\/wp-content\/uploads\/2021\/04\/pin-location-icon-iconic-design-vector-18322366.png\" alt=\"\" width=\"15\" height=\"21\" \/>\u00a0DE<\/h2>\n\n\t\t<\/div>\n\t<\/div>\n<div class=\"vc_separator wpb_content_element vc_separator_align_center vc_sep_width_100 vc_sep_pos_align_center vc_separator_no_text vc_sep_color_grey\" ><span class=\"vc_sep_holder vc_sep_holder_l\"><span  class=\"vc_sep_line\"><\/span><\/span><span class=\"vc_sep_holder vc_sep_holder_r\"><span  class=\"vc_sep_line\"><\/span><\/span>\n<\/div>\n\t<div class=\"wpb_text_column wpb_content_element\" >\n\t\t<div class=\"wpb_wrapper\">\n\t\t\t<p style=\"text-align: center;\"><a href=\"mailto:info@avalonplus.group\">info@avalonplus.group<\/a><\/p>\n\n\t\t<\/div>\n\t<\/div>\n<\/div><\/div><\/div><div class=\"wpb_column vc_column_container vc_col-sm-6\"><div class=\"vc_column-inner\"><div class=\"wpb_wrapper\"><div class=\"vc_empty_space\"   style=\"height: 70px\"><span class=\"vc_empty_space_inner\"><\/span><\/div>\n\t<div class=\"wpb_text_column wpb_content_element\" >\n\t\t<div class=\"wpb_wrapper\">\n\t\t\t<h2 style=\"text-align: center;\"><img loading=\"lazy\" decoding=\"async\" src=\"https:\/\/job.avalonplus.group\/wp-content\/uploads\/2021\/04\/pin-location-icon-iconic-design-vector-18322366.png\" alt=\"\" width=\"15\" height=\"21\" \/>\u00a0FI<\/h2>\n\n\t\t<\/div>\n\t<\/div>\n<div class=\"vc_separator wpb_content_element vc_separator_align_center vc_sep_width_100 vc_sep_pos_align_center vc_separator_no_text vc_sep_color_grey\" ><span class=\"vc_sep_holder vc_sep_holder_l\"><span  class=\"vc_sep_line\"><\/span><\/span><span class=\"vc_sep_holder vc_sep_holder_r\"><span  class=\"vc_sep_line\"><\/span><\/span>\n<\/div>\n\t<div class=\"wpb_text_column wpb_content_element\" >\n\t\t<div class=\"wpb_wrapper\">\n\t\t\t<p style=\"text-align: center;\"><a href=\"mailto:info@avalonplus.group\">info@avalonplus.group<\/a><\/p>\n\n\t\t<\/div>\n\t<\/div>\n<\/div><\/div><\/div><\/div>\n\t\t<\/div> \n\t<\/div> \n<\/div><\/div>","protected":false},"excerpt":{"rendered":"\u00a0EST \u0418\u0449\u0443 \u0440\u0430\u0431\u043e\u0442\u043d\u0438\u043a\u043e\u0432: +372 5825 3935 info@avalonplus.group \u0418\u0449\u0443 \u0440\u0430\u0431\u043e\u0442\u0443: +372 5811 0055 job@elitehome.ee \u00a0LV info@avalonplus.group \u00a0LT info@avalonplus.group \u00a0DE info@avalonplus.group \u00a0FI info@avalonplus.group","protected":false},"author":1,"featured_media":16203,"parent":0,"menu_order":0,"comment_status":"open","ping_status":"closed","template":"","meta":{"footnotes":""},"class_list":["post-16207","page","type-page","status-publish","has-post-thumbnail","hentry"],"yoast_head":"<!-- This site is optimized with the Yoast SEO plugin v21.5 - https:\/\/yoast.com\/wordpress\/plugins\/seo\/ -->\n<title>\u041a\u043e\u043d\u0442\u0430\u043a\u0442 - AvalonPlus Group<\/title>\n<meta name=\"robots\" content=\"index, follow, max-snippet:-1, max-image-preview:large, max-video-preview:-1\" \/>\n<link rel=\"canonical\" href=\"https:\/\/job.avalonplus.group\/et\/contact-us1-2\/\" \/>\n<meta property=\"og:locale\" content=\"et_EE\" \/>\n<meta property=\"og:type\" content=\"article\" \/>\n<meta property=\"og:title\" content=\"\u041a\u043e\u043d\u0442\u0430\u043a\u0442 - AvalonPlus Group\" \/>\n<meta property=\"og:url\" content=\"https:\/\/job.avalonplus.group\/et\/contact-us1-2\/\" \/>\n<meta property=\"og:site_name\" content=\"AvalonPlus Group\" \/>\n<meta property=\"article:modified_time\" content=\"2021-04-12T12:22:25+00:00\" \/>\n<meta property=\"og:image\" content=\"https:\/\/job.avalonplus.group\/wp-content\/uploads\/2021\/04\/Screenshot-20\u043021-04-12-at-11.42.19.png\" \/>\n\t<meta property=\"og:image:width\" content=\"1042\" \/>\n\t<meta property=\"og:image:height\" content=\"358\" \/>\n\t<meta property=\"og:image:type\" content=\"image\/png\" \/>\n<meta name=\"twitter:card\" content=\"summary_large_image\" \/>\n<meta name=\"twitter:label1\" content=\"Est. reading time\" \/>\n\t<meta name=\"twitter:data1\" content=\"2 minutit\" \/>\n<script type=\"application\/ld+json\" class=\"yoast-schema-graph\">{\"@context\":\"https:\/\/schema.org\",\"@graph\":[{\"@type\":\"WebPage\",\"@id\":\"https:\/\/job.avalonplus.group\/fi\/contact-us1-2\/\",\"url\":\"https:\/\/job.avalonplus.group\/fi\/contact-us1-2\/\",\"name\":\"\u041a\u043e\u043d\u0442\u0430\u043a\u0442 - AvalonPlus Group\",\"isPartOf\":{\"@id\":\"https:\/\/job.avalonplus.group\/#website\"},\"datePublished\":\"2021-04-12T11:43:10+00:00\",\"dateModified\":\"2021-04-12T12:22:25+00:00\",\"breadcrumb\":{\"@id\":\"https:\/\/job.avalonplus.group\/fi\/contact-us1-2\/#breadcrumb\"},\"inLanguage\":\"et\",\"potentialAction\":[{\"@type\":\"ReadAction\",\"target\":[\"https:\/\/job.avalonplus.group\/fi\/contact-us1-2\/\"]}]},{\"@type\":\"BreadcrumbList\",\"@id\":\"https:\/\/job.avalonplus.group\/fi\/contact-us1-2\/#breadcrumb\",\"itemListElement\":[{\"@type\":\"ListItem\",\"position\":1,\"name\":\"\u0413\u043b\u0430\u0432\u043d\u0430\u044f \u0441\u0442\u0440\u0430\u043d\u0438\u0446\u0430\",\"item\":\"https:\/\/job.avalonplus.group\/\"},{\"@type\":\"ListItem\",\"position\":2,\"name\":\"\u041a\u043e\u043d\u0442\u0430\u043a\u0442\"}]},{\"@type\":\"WebSite\",\"@id\":\"https:\/\/job.avalonplus.group\/#website\",\"url\":\"https:\/\/job.avalonplus.group\/\",\"name\":\"AvalonPlus Group\",\"description\":\"Find workers abroad\",\"publisher\":{\"@id\":\"https:\/\/job.avalonplus.group\/#organization\"},\"potentialAction\":[{\"@type\":\"SearchAction\",\"target\":{\"@type\":\"EntryPoint\",\"urlTemplate\":\"https:\/\/job.avalonplus.group\/?s={search_term_string}\"},\"query-input\":\"required name=search_term_string\"}],\"inLanguage\":\"et\"},{\"@type\":\"Organization\",\"@id\":\"https:\/\/job.avalonplus.group\/#organization\",\"name\":\"EH Rent Stuff\",\"url\":\"https:\/\/job.avalonplus.group\/\",\"logo\":{\"@type\":\"ImageObject\",\"inLanguage\":\"et\",\"@id\":\"https:\/\/job.avalonplus.group\/#\/schema\/logo\/image\/\",\"url\":\"https:\/\/job.avalonplus.group\/wp-content\/uploads\/2020\/06\/\u0421\u043d\u0438\u043c\u043e\u043a-\u044d\u0430\u0443\u043a\u0440\u0430\u043d\u0430-2020-06-16-\u0432-14.12.31-3.png\",\"contentUrl\":\"https:\/\/job.avalonplus.group\/wp-content\/uploads\/2020\/06\/\u0421\u043d\u0438\u043c\u043e\u043a-\u044d\u0430\u0443\u043a\u0440\u0430\u043d\u0430-2020-06-16-\u0432-14.12.31-3.png\",\"width\":314,\"height\":50,\"caption\":\"EH Rent Stuff\"},\"image\":{\"@id\":\"https:\/\/job.avalonplus.group\/#\/schema\/logo\/image\/\"}}]}<\/script>\n<!-- \/ Yoast SEO plugin. -->","yoast_head_json":{"title":"\u041a\u043e\u043d\u0442\u0430\u043a\u0442 - AvalonPlus Group","robots":{"index":"index","follow":"follow","max-snippet":"max-snippet:-1","max-image-preview":"max-image-preview:large","max-video-preview":"max-video-preview:-1"},"canonical":"https:\/\/job.avalonplus.group\/et\/contact-us1-2\/","og_locale":"et_EE","og_type":"article","og_title":"\u041a\u043e\u043d\u0442\u0430\u043a\u0442 - AvalonPlus Group","og_url":"https:\/\/job.avalonplus.group\/et\/contact-us1-2\/","og_site_name":"AvalonPlus Group","article_modified_time":"2021-04-12T12:22:25+00:00","og_image":[{"width":1042,"height":358,"url":"https:\/\/job.avalonplus.group\/wp-content\/uploads\/2021\/04\/Screenshot-20\u043021-04-12-at-11.42.19.png","type":"image\/png"}],"twitter_card":"summary_large_image","twitter_misc":{"Est. reading time":"2 minutit"},"schema":{"@context":"https:\/\/schema.org","@graph":[{"@type":"WebPage","@id":"https:\/\/job.avalonplus.group\/fi\/contact-us1-2\/","url":"https:\/\/job.avalonplus.group\/fi\/contact-us1-2\/","name":"\u041a\u043e\u043d\u0442\u0430\u043a\u0442 - AvalonPlus Group","isPartOf":{"@id":"https:\/\/job.avalonplus.group\/#website"},"datePublished":"2021-04-12T11:43:10+00:00","dateModified":"2021-04-12T12:22:25+00:00","breadcrumb":{"@id":"https:\/\/job.avalonplus.group\/fi\/contact-us1-2\/#breadcrumb"},"inLanguage":"et","potentialAction":[{"@type":"ReadAction","target":["https:\/\/job.avalonplus.group\/fi\/contact-us1-2\/"]}]},{"@type":"BreadcrumbList","@id":"https:\/\/job.avalonplus.group\/fi\/contact-us1-2\/#breadcrumb","itemListElement":[{"@type":"ListItem","position":1,"name":"\u0413\u043b\u0430\u0432\u043d\u0430\u044f \u0441\u0442\u0440\u0430\u043d\u0438\u0446\u0430","item":"https:\/\/job.avalonplus.group\/"},{"@type":"ListItem","position":2,"name":"\u041a\u043e\u043d\u0442\u0430\u043a\u0442"}]},{"@type":"WebSite","@id":"https:\/\/job.avalonplus.group\/#website","url":"https:\/\/job.avalonplus.group\/","name":"AvalonPlus Group","description":"Find workers abroad","publisher":{"@id":"https:\/\/job.avalonplus.group\/#organization"},"potentialAction":[{"@type":"SearchAction","target":{"@type":"EntryPoint","urlTemplate":"https:\/\/job.avalonplus.group\/?s={search_term_string}"},"query-input":"required name=search_term_string"}],"inLanguage":"et"},{"@type":"Organization","@id":"https:\/\/job.avalonplus.group\/#organization","name":"EH Rent Stuff","url":"https:\/\/job.avalonplus.group\/","logo":{"@type":"ImageObject","inLanguage":"et","@id":"https:\/\/job.avalonplus.group\/#\/schema\/logo\/image\/","url":"https:\/\/job.avalonplus.group\/wp-content\/uploads\/2020\/06\/\u0421\u043d\u0438\u043c\u043e\u043a-\u044d\u0430\u0443\u043a\u0440\u0430\u043d\u0430-2020-06-16-\u0432-14.12.31-3.png","contentUrl":"https:\/\/job.avalonplus.group\/wp-content\/uploads\/2020\/06\/\u0421\u043d\u0438\u043c\u043e\u043a-\u044d\u0430\u0443\u043a\u0440\u0430\u043d\u0430-2020-06-16-\u0432-14.12.31-3.png","width":314,"height":50,"caption":"EH Rent Stuff"},"image":{"@id":"https:\/\/job.avalonplus.group\/#\/schema\/logo\/image\/"}}]}},"_links":{"self":[{"href":"https:\/\/job.avalonplus.group\/et\/wp-json\/wp\/v2\/pages\/16207","targetHints":{"allow":["GET"]}}],"collection":[{"href":"https:\/\/job.avalonplus.group\/et\/wp-json\/wp\/v2\/pages"}],"about":[{"href":"https:\/\/job.avalonplus.group\/et\/wp-json\/wp\/v2\/types\/page"}],"author":[{"embeddable":true,"href":"https:\/\/job.avalonplus.group\/et\/wp-json\/wp\/v2\/users\/1"}],"replies":[{"embeddable":true,"href":"https:\/\/job.avalonplus.group\/et\/wp-json\/wp\/v2\/comments?post=16207"}],"version-history":[{"count":0,"href":"https:\/\/job.avalonplus.group\/et\/wp-json\/wp\/v2\/pages\/16207\/revisions"}],"wp:featuredmedia":[{"embeddable":true,"href":"https:\/\/job.avalonplus.group\/et\/wp-json\/wp\/v2\/media\/16203"}],"wp:attachment":[{"href":"https:\/\/job.avalonplus.group\/et\/wp-json\/wp\/v2\/media?parent=16207"}],"curies":[{"name":"wp","href":"https:\/\/api.w.org\/{rel}","templated":true}]}}